{"id":5021,"date":"2015-05-11T09:15:33","date_gmt":"2015-05-11T08:15:33","guid":{"rendered":"http:\/\/www.bluetoons.de\/blog\/?page_id=5021"},"modified":"2025-10-21T16:11:19","modified_gmt":"2025-10-21T15:11:19","slug":"laden","status":"publish","type":"page","link":"https:\/\/www.bluetoons.de\/blog\/laden\/","title":{"rendered":"Laden"},"content":{"rendered":"<h2>Adresse und Kontakt<\/h2>\n<p>Comics &amp; Graphics<br \/>\nComicbuchhandlung<br \/>\nInh. Frank Wochatz<br \/>\nPrenzlauer Allee 46<br \/>\n10405 Berlin<\/p>\n<p>Fon <a href=\"tel:030 66408157\">030-66408157<\/a><br \/>\neMail: <a href=\"mailto:info@bluetoons.de\">info@bluetoons.de<\/a><\/p>\n<h2>\u00d6ffnungszeiten<\/h2>\n<p>Aktuelle \u00d6ffnungszeiten k\u00f6nnen sich kurzfristig \u00e4ndern.<\/p>\n<p>Regul\u00e4re \u00d6ffnungszeiten<br \/>\nDi-Fr zZ. unregelm\u00e4\u00dfig, bitte lieber vorher anfragen<br \/>\nSa 11-17 Uhr<\/p>\n<h2>Anfahrt<\/h2>\n<p>Lageplan siehe <a href=\"http:\/\/maps.google.de\/maps?f=q&amp;hl=de&amp;geocode=&amp;q=Comics+Graphics+10405+Prenzlauer+Berg,+Berlin,+Germany&amp;sll=51.151786,10.415039&amp;sspn=9.184434,19.248047&amp;ie=UTF8&amp;ei=I3eQSMbPIIbw2gLO-7zhAQ&amp;cd=1&amp;cid=52536838,13423003,3760830656472012401&amp;li=lmd&amp;z=14&amp;t=m\">Google Maps<\/a><\/p>\n<p>Anfahrt mit der Tram: M2, unser Laden befindet sich zwischen den Haltestellen Danziger Str. und Marienburger Str.<\/p>\n<h2>Importe<\/h2>\n<p>Wir importieren Comics und B\u00fccher aus den UK und Frankreich, und liefern US-Comics aus dem <a href=\"http:\/\/www.diamondcomics.com\/\">DIAMOND<\/a> Sortiment (aktuelle Titel, Backlist, Pre-Order, Abonnements).<\/p>\n<h2>Versandhandel<\/h2>\n<p>Wir liefern Verlagserzeugnisse (innerhalb Deutschlands versandkostenfrei). Als Buchhandlung liefern wir neben Comics auch gerne alle anderen Verlagserzeugnisse, wie Romane, Landkarten, Fach- und Schulb\u00fccher etc.. Bestellungen sind im Laden, per Telefon oder per Email m\u00f6glich.<\/p>\n<h2>Spirit und Sortiment<\/h2>\n<h3>Realismus, Phantastik und dar\u00fcber hinaus.<\/h3>\n<p>Comics sind heute artenreich und vielf\u00e4ltig wie nie zuvor. Nahezu alle Genres, die man aus Literatur und Film kennt, findet man auch in Comics wieder.<\/p>\n<p>In unserem Sortiment findet Ihr Realistisches und Surreales, Pers\u00f6nliches und Episches, Lustiges und Trauriges, Biographisches und Dokumentarisches, Modernes und Klassisches, Sch\u00f6nes und Skurriles, Albernes und Philosophisches, Avantgardistisches und Anachrones, Lokales und Internationales. Oder kurz: <b>Geschichten f\u00fcr Leser und Graphic-Begeisterte.<\/b><\/p>\n<p>Comics &amp; Graphics ist ein Ort zum St\u00f6bern, Probelesen, Beraten lassen und um gute B\u00fccher zu erwerben.<br \/>\nWir f\u00fchren Comics aller Art, von frankobelgischen Alben \u00fcber Graphic Novels und Superhelden bis zu Mangas.<\/p>\n","protected":false},"excerpt":{"rendered":"<p>Adresse und Kontakt Comics &amp; Graphics Comicbuchhandlung Inh. Frank Wochatz Prenzlauer Allee 46 10405 Berlin Fon 030-66408157 eMail: info@bluetoons.de \u00d6ffnungszeiten Aktuelle \u00d6ffnungszeiten k\u00f6nnen sich kurzfristig \u00e4ndern. Regul\u00e4re \u00d6ffnungszeiten Di-Fr zZ. unregelm\u00e4\u00dfig, bitte lieber vorher anfragen Sa 11-17 Uhr Anfahrt Lageplan siehe Google Maps Anfahrt mit der Tram: M2, unser Laden befindet sich zwischen den Haltestellen &#8230; <a title=\"Laden\" class=\"read-more\" href=\"https:\/\/www.bluetoons.de\/blog\/laden\/\" aria-label=\"Mehr dazu unter Laden\">Weiterlesen<\/a><\/p>\n","protected":false},"author":4,"featured_media":0,"parent":0,"menu_order":0,"comment_status":"closed","ping_status":"closed","template":"","meta":{"footnotes":""},"class_list":["post-5021","page","type-page","status-publish"],"yoast_head":"<!-- This site is optimized with the Yoast SEO plugin v22.5 - https:\/\/yoast.com\/wordpress\/plugins\/seo\/ -->\n<title>Laden - Comics &amp; Graphics<\/title>\n<meta name=\"robots\" content=\"index, follow, max-snippet:-1, max-image-preview:large, max-video-preview:-1\" \/>\n<link rel=\"canonical\" href=\"https:\/\/www.bluetoons.de\/blog\/laden\/\" \/>\n<meta property=\"og:locale\" content=\"de_DE\" \/>\n<meta property=\"og:type\" content=\"article\" \/>\n<meta property=\"og:title\" content=\"Laden - Comics &amp; Graphics\" \/>\n<meta property=\"og:description\" content=\"Adresse und Kontakt Comics &amp; Graphics Comicbuchhandlung Inh. Frank Wochatz Prenzlauer Allee 46 10405 Berlin Fon 030-66408157 eMail: info@bluetoons.de \u00d6ffnungszeiten Aktuelle \u00d6ffnungszeiten k\u00f6nnen sich kurzfristig \u00e4ndern. Regul\u00e4re \u00d6ffnungszeiten Di-Fr zZ. unregelm\u00e4\u00dfig, bitte lieber vorher anfragen Sa 11-17 Uhr Anfahrt Lageplan siehe Google Maps Anfahrt mit der Tram: M2, unser Laden befindet sich zwischen den Haltestellen ... Weiterlesen\" \/>\n<meta property=\"og:url\" content=\"https:\/\/www.bluetoons.de\/blog\/laden\/\" \/>\n<meta property=\"og:site_name\" content=\"Comics &amp; Graphics\" \/>\n<meta property=\"article:publisher\" content=\"https:\/\/www.facebook.com\/comicsandgraphics\" \/>\n<meta property=\"article:modified_time\" content=\"2025-10-21T15:11:19+00:00\" \/>\n<meta name=\"twitter:card\" content=\"summary_large_image\" \/>\n<meta name=\"twitter:label1\" content=\"Gesch\u00e4tzte Lesezeit\" \/>\n\t<meta name=\"twitter:data1\" content=\"2\u00a0Minuten\" \/>\n<script type=\"application\/ld+json\" class=\"yoast-schema-graph\">{\"@context\":\"https:\/\/schema.org\",\"@graph\":[{\"@type\":\"WebPage\",\"@id\":\"https:\/\/www.bluetoons.de\/blog\/laden\/\",\"url\":\"https:\/\/www.bluetoons.de\/blog\/laden\/\",\"name\":\"Laden - Comics &amp; Graphics\",\"isPartOf\":{\"@id\":\"https:\/\/www.bluetoons.de\/blog\/#website\"},\"datePublished\":\"2015-05-11T08:15:33+00:00\",\"dateModified\":\"2025-10-21T15:11:19+00:00\",\"breadcrumb\":{\"@id\":\"https:\/\/www.bluetoons.de\/blog\/laden\/#breadcrumb\"},\"inLanguage\":\"de\",\"potentialAction\":[{\"@type\":\"ReadAction\",\"target\":[\"https:\/\/www.bluetoons.de\/blog\/laden\/\"]}]},{\"@type\":\"BreadcrumbList\",\"@id\":\"https:\/\/www.bluetoons.de\/blog\/laden\/#breadcrumb\",\"itemListElement\":[{\"@type\":\"ListItem\",\"position\":1,\"name\":\"Startseite\",\"item\":\"https:\/\/www.bluetoons.de\/blog\/\"},{\"@type\":\"ListItem\",\"position\":2,\"name\":\"Laden\"}]},{\"@type\":\"WebSite\",\"@id\":\"https:\/\/www.bluetoons.de\/blog\/#website\",\"url\":\"https:\/\/www.bluetoons.de\/blog\/\",\"name\":\"Comics & Graphics\",\"description\":\"Comicbuchhandlung\",\"publisher\":{\"@id\":\"https:\/\/www.bluetoons.de\/blog\/#organization\"},\"potentialAction\":[{\"@type\":\"SearchAction\",\"target\":{\"@type\":\"EntryPoint\",\"urlTemplate\":\"https:\/\/www.bluetoons.de\/blog\/?s={search_term_string}\"},\"query-input\":\"required name=search_term_string\"}],\"inLanguage\":\"de\"},{\"@type\":\"Organization\",\"@id\":\"https:\/\/www.bluetoons.de\/blog\/#organization\",\"name\":\"Comics & Graphics\",\"url\":\"https:\/\/www.bluetoons.de\/blog\/\",\"logo\":{\"@type\":\"ImageObject\",\"inLanguage\":\"de\",\"@id\":\"https:\/\/www.bluetoons.de\/blog\/#\/schema\/logo\/image\/\",\"url\":\"https:\/\/www.bluetoons.de\/blog\/wp-content\/uploads\/cglogo4.png\",\"contentUrl\":\"https:\/\/www.bluetoons.de\/blog\/wp-content\/uploads\/cglogo4.png\",\"width\":457,\"height\":102,\"caption\":\"Comics & Graphics\"},\"image\":{\"@id\":\"https:\/\/www.bluetoons.de\/blog\/#\/schema\/logo\/image\/\"},\"sameAs\":[\"https:\/\/www.facebook.com\/comicsandgraphics\"]}]}<\/script>\n<!-- \/ Yoast SEO plugin. -->","yoast_head_json":{"title":"Laden - Comics &amp; Graphics","robots":{"index":"index","follow":"follow","max-snippet":"max-snippet:-1","max-image-preview":"max-image-preview:large","max-video-preview":"max-video-preview:-1"},"canonical":"https:\/\/www.bluetoons.de\/blog\/laden\/","og_locale":"de_DE","og_type":"article","og_title":"Laden - Comics &amp; Graphics","og_description":"Adresse und Kontakt Comics &amp; Graphics Comicbuchhandlung Inh. Frank Wochatz Prenzlauer Allee 46 10405 Berlin Fon 030-66408157 eMail: info@bluetoons.de \u00d6ffnungszeiten Aktuelle \u00d6ffnungszeiten k\u00f6nnen sich kurzfristig \u00e4ndern. Regul\u00e4re \u00d6ffnungszeiten Di-Fr zZ. unregelm\u00e4\u00dfig, bitte lieber vorher anfragen Sa 11-17 Uhr Anfahrt Lageplan siehe Google Maps Anfahrt mit der Tram: M2, unser Laden befindet sich zwischen den Haltestellen ... Weiterlesen","og_url":"https:\/\/www.bluetoons.de\/blog\/laden\/","og_site_name":"Comics &amp; Graphics","article_publisher":"https:\/\/www.facebook.com\/comicsandgraphics","article_modified_time":"2025-10-21T15:11:19+00:00","twitter_card":"summary_large_image","twitter_misc":{"Gesch\u00e4tzte Lesezeit":"2\u00a0Minuten"},"schema":{"@context":"https:\/\/schema.org","@graph":[{"@type":"WebPage","@id":"https:\/\/www.bluetoons.de\/blog\/laden\/","url":"https:\/\/www.bluetoons.de\/blog\/laden\/","name":"Laden - Comics &amp; Graphics","isPartOf":{"@id":"https:\/\/www.bluetoons.de\/blog\/#website"},"datePublished":"2015-05-11T08:15:33+00:00","dateModified":"2025-10-21T15:11:19+00:00","breadcrumb":{"@id":"https:\/\/www.bluetoons.de\/blog\/laden\/#breadcrumb"},"inLanguage":"de","potentialAction":[{"@type":"ReadAction","target":["https:\/\/www.bluetoons.de\/blog\/laden\/"]}]},{"@type":"BreadcrumbList","@id":"https:\/\/www.bluetoons.de\/blog\/laden\/#breadcrumb","itemListElement":[{"@type":"ListItem","position":1,"name":"Startseite","item":"https:\/\/www.bluetoons.de\/blog\/"},{"@type":"ListItem","position":2,"name":"Laden"}]},{"@type":"WebSite","@id":"https:\/\/www.bluetoons.de\/blog\/#website","url":"https:\/\/www.bluetoons.de\/blog\/","name":"Comics & Graphics","description":"Comicbuchhandlung","publisher":{"@id":"https:\/\/www.bluetoons.de\/blog\/#organization"},"potentialAction":[{"@type":"SearchAction","target":{"@type":"EntryPoint","urlTemplate":"https:\/\/www.bluetoons.de\/blog\/?s={search_term_string}"},"query-input":"required name=search_term_string"}],"inLanguage":"de"},{"@type":"Organization","@id":"https:\/\/www.bluetoons.de\/blog\/#organization","name":"Comics & Graphics","url":"https:\/\/www.bluetoons.de\/blog\/","logo":{"@type":"ImageObject","inLanguage":"de","@id":"https:\/\/www.bluetoons.de\/blog\/#\/schema\/logo\/image\/","url":"https:\/\/www.bluetoons.de\/blog\/wp-content\/uploads\/cglogo4.png","contentUrl":"https:\/\/www.bluetoons.de\/blog\/wp-content\/uploads\/cglogo4.png","width":457,"height":102,"caption":"Comics & Graphics"},"image":{"@id":"https:\/\/www.bluetoons.de\/blog\/#\/schema\/logo\/image\/"},"sameAs":["https:\/\/www.facebook.com\/comicsandgraphics"]}]}},"_links":{"self":[{"href":"https:\/\/www.bluetoons.de\/blog\/wp-json\/wp\/v2\/pages\/5021","targetHints":{"allow":["GET"]}}],"collection":[{"href":"https:\/\/www.bluetoons.de\/blog\/wp-json\/wp\/v2\/pages"}],"about":[{"href":"https:\/\/www.bluetoons.de\/blog\/wp-json\/wp\/v2\/types\/page"}],"author":[{"embeddable":true,"href":"https:\/\/www.bluetoons.de\/blog\/wp-json\/wp\/v2\/users\/4"}],"replies":[{"embeddable":true,"href":"https:\/\/www.bluetoons.de\/blog\/wp-json\/wp\/v2\/comments?post=5021"}],"version-history":[{"count":8,"href":"https:\/\/www.bluetoons.de\/blog\/wp-json\/wp\/v2\/pages\/5021\/revisions"}],"predecessor-version":[{"id":9972,"href":"https:\/\/www.bluetoons.de\/blog\/wp-json\/wp\/v2\/pages\/5021\/revisions\/9972"}],"wp:attachment":[{"href":"https:\/\/www.bluetoons.de\/blog\/wp-json\/wp\/v2\/media?parent=5021"}],"curies":[{"name":"wp","href":"https:\/\/api.w.org\/{rel}","templated":true}]}}